{"id":9,"date":"2025-05-01T06:57:42","date_gmt":"2025-05-01T06:57:42","guid":{"rendered":"https:\/\/reverent-lichterman.87-106-141-109.plesk.page\/?page_id=9"},"modified":"2025-05-03T10:09:54","modified_gmt":"2025-05-03T10:09:54","slug":"radregion","status":"publish","type":"page","link":"https:\/\/gaestehausferk.at\/en\/radregion\/","title":{"rendered":"RADregion Bad Radkersburg"},"content":{"rendered":"<div data-elementor-type=\"wp-page\" data-elementor-id=\"9\" class=\"elementor elementor-9\" data-elementor-post-type=\"page\">\n\t\t\t\t<div class=\"elementor-element elementor-element-b06aec2 e-flex e-con-boxed e-con e-parent\" data-id=\"b06aec2\" data-element_type=\"container\">\n\t\t\t\t\t<div class=\"e-con-inner\">\n\t\t<div class=\"elementor-element elementor-element-da12bc5 e-con-full e-flex e-con e-child\" data-id=\"da12bc5\" data-element_type=\"container\">\n\t\t\t\t<div class=\"elementor-element elementor-element-90cfca3 gallery-spacing-custom elementor-widget elementor-widget-image-gallery\" data-id=\"90cfca3\" data-element_type=\"widget\" data-widget_type=\"image-gallery.default\">\n\t\t\t\t<div class=\"elementor-widget-container\">\n\t\t\t\t\t\t\t<div class=\"elementor-image-gallery\">\n\t\t\t\t\t<\/div>\n\t\t\t\t\t\t<\/div>\n\t\t\t\t<\/div>\n\t\t\t\t<\/div>\n\t\t<div class=\"elementor-element elementor-element-f07e76d e-con-full e-flex e-con e-child\" data-id=\"f07e76d\" data-element_type=\"container\">\n\t\t\t\t<div class=\"elementor-element elementor-element-80ca8d2 elementor-widget__width-initial elementor-widget-mobile__width-inherit elementor-widget elementor-widget-heading\" data-id=\"80ca8d2\" data-element_type=\"widget\" data-widget_type=\"heading.default\">\n\t\t\t\t<div class=\"elementor-widget-container\">\n\t\t\t\t\t<h2 class=\"elementor-heading-title elementor-size-default\">Cycling Region East - Boundless Pleasure Enjoy the bike region in the south of Styria<\/h2>\t\t\t\t<\/div>\n\t\t\t\t<\/div>\n\t\t\t\t<div class=\"elementor-element elementor-element-d25eba4 elementor-widget__width-initial elementor-widget elementor-widget-text-editor\" data-id=\"d25eba4\" data-element_type=\"widget\" data-widget_type=\"text-editor.default\">\n\t\t\t\t<div class=\"elementor-widget-container\">\n\t\t\t\t\t\t\t\t\t<div id=\"u4789-6\" class=\"clearfix colelem\" data-muse-uid=\"U4789\" data-muse-type=\"txt_frame\" data-ibe-flags=\"txtStyleSrc\">\n<p id=\"u4789-4\">Discover the RADregion Bad Radkersburg of the \"Styrian Tuscany\" around Bad Radkersburg and partly Slovenia.<\/p>\n\n<\/div>\n<div id=\"pu4793-10\" class=\"clearfix colelem\">\n<div id=\"u4793-10\" class=\"clearfix grpelem\" data-muse-uid=\"U4793\" data-muse-type=\"txt_frame\" data-ibe-flags=\"txtStyleSrc\">\n\nDie beschilderten Radwege der Radregion Ost bieten f\u00fcr Familien,\u00a0 Genussradler und ambitionierte Radfahrer insgesamt 6 Touren, dass entspricht knappe 230 Radkilometer.\n\nEntdecken Sie unsere herrlichen Murauen, unsere Weinregion und atemberaubende Panoramablicke\n<div id=\"u4808\" class=\"clearfix colelem\">\n<div id=\"u4809-4\" class=\"rounded-corners clearfix grpelem\" data-muse-uid=\"U4809\" data-muse-type=\"txt_frame\" data-ibe-flags=\"txtStyleSrc\">\n\n<strong>The 6 tours of the bike region bike map east<\/strong>\n\n<\/div>\n<\/div>\n<div id=\"u4804-39\" class=\"clearfix colelem\" data-muse-uid=\"U4804\" data-muse-type=\"txt_frame\" data-ibe-flags=\"txtStyleSrc\">\n<p id=\"u4804-2\">The tours vary in length, are very easy to ride, so they are ideal for beginners and families. Rest stops and refreshments can be found along the routes.<\/p>\n\n<ul>\n \t<li><strong>Boundless Murauen Tour<\/strong>: easy tour, 30,6 km, flat Murauen landscape, leads over Slovenia<\/li>\n \t<li><strong>Pond Tour<\/strong>: easy tour, suitable for any age group, 23.5 km, beautiful pond landscapes, passes through Slovenia.<\/li>\n \t<li><strong>Sunrise Tour<\/strong>: leichte familienfreundliche Tour, 18,6 km, empfehlenswert am Vormittag, genie\u00dfen der Auw\u00e4lder<\/li>\n \t<li><strong>Panorama Tour<\/strong>: anspruchsvolle Tour, 49,8 km, Richtung Weinlandschaft St. Anna, f\u00fchrt \u00fcber Slowenien<\/li>\n \t<li><strong>Vineyard Tour<\/strong>: anspruchsvolle Tour, 54,3 km, Entdeckung der gesamten Weinregion nahe Bad Radkersburg<\/li>\n \t<li><strong>Partner-Tour:<\/strong>\u00a0easy tour paired with altitude meters in Straden , 50.5 km, enjoy magnificent views from Straden<\/li>\n \t<li><strong>Important Tip<\/strong>: Do not forget your passport for the tours that go through Slovenia!<\/li>\n<\/ul>\n<\/div>\n<\/div>\n<\/div>\t\t\t\t\t\t\t\t<\/div>\n\t\t\t\t<\/div>\n\t\t\t\t<\/div>\n\t\t<div data-dce-background-image-url=\"https:\/\/gaestehausferk.at\/wp-content\/uploads\/2025\/05\/Fahrradvereleih-scaled-1.webp\" class=\"elementor-element elementor-element-8026287 e-con-full e-flex e-con e-child\" data-id=\"8026287\" data-element_type=\"container\" data-settings=\"{&quot;background_background&quot;:&quot;classic&quot;}\">\n\t\t\t\t<div class=\"elementor-element elementor-element-b72fbf3 elementor-widget elementor-widget-heading\" data-id=\"b72fbf3\" data-element_type=\"widget\" data-widget_type=\"heading.default\">\n\t\t\t\t<div class=\"elementor-widget-container\">\n\t\t\t\t\t<h2 class=\"elementor-heading-title elementor-size-default\">Bicycle rental in the surroundings<br>\nFrankl&amp;Mitterer Rad OG<\/h2>\t\t\t\t<\/div>\n\t\t\t\t<\/div>\n\t\t\t\t<div class=\"elementor-element elementor-element-5f458a1 elementor-widget elementor-widget-text-editor\" data-id=\"5f458a1\" data-element_type=\"widget\" data-widget_type=\"text-editor.default\">\n\t\t\t\t<div class=\"elementor-widget-container\">\n\t\t\t\t\t\t\t\t\t<p>Langgasse 41<br \/>8490 Bad Radkersburg<\/p><p><a href=\"tel:+436649549775\">+43 (0) 664 95 49 775<\/a><br \/><a href=\"mailto:office@fahrradfachgeschaeft.at\">office@fahrradfachgeschaeft.at<\/a><\/p>\t\t\t\t\t\t\t\t<\/div>\n\t\t\t\t<\/div>\n\t\t\t\t<div class=\"elementor-element elementor-element-3385f2c elementor-align-center elementor-widget elementor-widget-button\" data-id=\"3385f2c\" data-element_type=\"widget\" data-widget_type=\"button.default\">\n\t\t\t\t<div class=\"elementor-widget-container\">\n\t\t\t\t\t\t\t\t\t<div class=\"elementor-button-wrapper\">\n\t\t\t\t\t<a class=\"elementor-button elementor-button-link elementor-size-sm\" href=\"https:\/\/www.fahrradfachgeschaeft.at\/\" target=\"_blank\">\n\t\t\t\t\t\t<span class=\"elementor-button-content-wrapper\">\n\t\t\t\t\t\t\t\t\t<span class=\"elementor-button-text\">To the bike rental<\/span>\n\t\t\t\t\t<\/span>\n\t\t\t\t\t<\/a>\n\t\t\t\t<\/div>\n\t\t\t\t\t\t\t\t<\/div>\n\t\t\t\t<\/div>\n\t\t\t\t<\/div>\n\t\t\t\t\t<\/div>\n\t\t\t\t<\/div>\n\t\t\t\t<\/div>","protected":false},"excerpt":{"rendered":"<p>G\u00e4stehaus Ferk &#8211; RADhotel, Unterkunft Bad Radkersburg, Radregion Parktherme Bad Radkersburg G\u00e4stehaus Ferk &#8211; RADhotel, Unterkunft Bad Radkersburg, Fahrradfahren Radregion Ost &#8211; Grenzenloses Vergn\u00fcgen Genie\u00dfen Sie die Radregion im S\u00fcden der Steiermark Entdecken Sie die RADregion Bad Radkersburg der \u201esteirischen Toskana\u201c rund um Bad Radkersburg und teils Slowenien. Die beschilderten Radwege der Radregion Ost bieten [&hellip;]<\/p>","protected":false},"author":1,"featured_media":0,"parent":0,"menu_order":0,"comment_status":"closed","ping_status":"closed","template":"","meta":{"_acf_changed":false,"footnotes":""},"class_list":["post-9","page","type-page","status-publish","hentry"],"acf":[],"yoast_head":"<!-- This site is optimized with the Yoast SEO plugin v25.6 - https:\/\/yoast.com\/wordpress\/plugins\/seo\/ -->\n<title>Erkunden Sie die RADregion Bad Radkersburg \ud83d\udeb4 | G\u00e4stehaus Ferk<\/title>\n<meta name=\"description\" content=\"Entdecken Sie die besten Radwege und Touren in der RADregion Bad Radkersburg. Das G\u00e4stehaus Ferk - der Ausgangspunkt f\u00fcr Ihre Radabenteuer! \ud83d\udeb5\" \/>\n<meta name=\"robots\" content=\"index, follow, max-snippet:-1, max-image-preview:large, max-video-preview:-1\" \/>\n<link rel=\"canonical\" href=\"https:\/\/gaestehausferk.at\/en\/radregion\/\" \/>\n<meta property=\"og:locale\" content=\"en_US\" \/>\n<meta property=\"og:type\" content=\"article\" \/>\n<meta property=\"og:title\" content=\"Erkunden Sie die RADregion Bad Radkersburg \ud83d\udeb4 | G\u00e4stehaus Ferk\" \/>\n<meta property=\"og:description\" content=\"Entdecken Sie die besten Radwege und Touren in der RADregion Bad Radkersburg. Das G\u00e4stehaus Ferk - der Ausgangspunkt f\u00fcr Ihre Radabenteuer! \ud83d\udeb5\" \/>\n<meta property=\"og:url\" content=\"https:\/\/gaestehausferk.at\/en\/radregion\/\" \/>\n<meta property=\"og:site_name\" content=\"G\u00e4stehaus Ferk\" \/>\n<meta property=\"article:publisher\" content=\"https:\/\/www.facebook.com\/gaestehausferk\" \/>\n<meta property=\"article:modified_time\" content=\"2025-05-03T10:09:54+00:00\" \/>\n<meta property=\"og:image\" content=\"https:\/\/gaestehausferk.at\/wp-content\/uploads\/2025\/05\/radtour-740x900.jpg.webp\" \/>\n<meta name=\"twitter:card\" content=\"summary_large_image\" \/>\n<meta name=\"twitter:label1\" content=\"Est. reading time\" \/>\n\t<meta name=\"twitter:data1\" content=\"2 minutes\" \/>\n<script type=\"application\/ld+json\" class=\"yoast-schema-graph\">{\"@context\":\"https:\/\/schema.org\",\"@graph\":[{\"@type\":\"WebPage\",\"@id\":\"https:\/\/gaestehausferk.at\/radregion\/\",\"url\":\"https:\/\/gaestehausferk.at\/radregion\/\",\"name\":\"Erkunden Sie die RADregion Bad Radkersburg \ud83d\udeb4 | G\u00e4stehaus Ferk\",\"isPartOf\":{\"@id\":\"https:\/\/gaestehausferk.at\/#website\"},\"primaryImageOfPage\":{\"@id\":\"https:\/\/gaestehausferk.at\/radregion\/#primaryimage\"},\"image\":{\"@id\":\"https:\/\/gaestehausferk.at\/radregion\/#primaryimage\"},\"thumbnailUrl\":\"https:\/\/gaestehausferk.at\/wp-content\/uploads\/2025\/05\/radtour-740x900.jpg.webp\",\"datePublished\":\"2025-05-01T06:57:42+00:00\",\"dateModified\":\"2025-05-03T10:09:54+00:00\",\"description\":\"Entdecken Sie die besten Radwege und Touren in der RADregion Bad Radkersburg. Das G\u00e4stehaus Ferk - der Ausgangspunkt f\u00fcr Ihre Radabenteuer! \ud83d\udeb5\",\"breadcrumb\":{\"@id\":\"https:\/\/gaestehausferk.at\/radregion\/#breadcrumb\"},\"inLanguage\":\"en-US\",\"potentialAction\":[{\"@type\":\"ReadAction\",\"target\":[\"https:\/\/gaestehausferk.at\/radregion\/\"]}]},{\"@type\":\"ImageObject\",\"inLanguage\":\"en-US\",\"@id\":\"https:\/\/gaestehausferk.at\/radregion\/#primaryimage\",\"url\":\"https:\/\/gaestehausferk.at\/wp-content\/uploads\/2025\/05\/radtour-740x900.jpg.webp\",\"contentUrl\":\"https:\/\/gaestehausferk.at\/wp-content\/uploads\/2025\/05\/radtour-740x900.jpg.webp\"},{\"@type\":\"BreadcrumbList\",\"@id\":\"https:\/\/gaestehausferk.at\/radregion\/#breadcrumb\",\"itemListElement\":[{\"@type\":\"ListItem\",\"position\":1,\"name\":\"Startseite\",\"item\":\"https:\/\/gaestehausferk.at\/\"},{\"@type\":\"ListItem\",\"position\":2,\"name\":\"RADregion Bad Radkersburg\"}]},{\"@type\":\"WebSite\",\"@id\":\"https:\/\/gaestehausferk.at\/#website\",\"url\":\"https:\/\/gaestehausferk.at\/\",\"name\":\"G\u00e4stehaus Ferk\",\"description\":\"\",\"publisher\":{\"@id\":\"https:\/\/gaestehausferk.at\/#organization\"},\"potentialAction\":[{\"@type\":\"SearchAction\",\"target\":{\"@type\":\"EntryPoint\",\"urlTemplate\":\"https:\/\/gaestehausferk.at\/?s={search_term_string}\"},\"query-input\":{\"@type\":\"PropertyValueSpecification\",\"valueRequired\":true,\"valueName\":\"search_term_string\"}}],\"inLanguage\":\"en-US\"},{\"@type\":\"Organization\",\"@id\":\"https:\/\/gaestehausferk.at\/#organization\",\"name\":\"G\u00e4stehaus Ferk\",\"url\":\"https:\/\/gaestehausferk.at\/\",\"logo\":{\"@type\":\"ImageObject\",\"inLanguage\":\"en-US\",\"@id\":\"https:\/\/gaestehausferk.at\/#\/schema\/logo\/image\/\",\"url\":\"https:\/\/gaestehausferk.at\/wp-content\/uploads\/2025\/05\/cropped-logo_gaestehaus_ferk_1.webp\",\"contentUrl\":\"https:\/\/gaestehausferk.at\/wp-content\/uploads\/2025\/05\/cropped-logo_gaestehaus_ferk_1.webp\",\"width\":217,\"height\":209,\"caption\":\"G\u00e4stehaus Ferk\"},\"image\":{\"@id\":\"https:\/\/gaestehausferk.at\/#\/schema\/logo\/image\/\"},\"sameAs\":[\"https:\/\/www.facebook.com\/gaestehausferk\",\"https:\/\/www.instagram.com\/gaestehausferk\"]}]}<\/script>\n<!-- \/ Yoast SEO plugin. -->","yoast_head_json":{"title":"Erkunden Sie die RADregion Bad Radkersburg \ud83d\udeb4 | G\u00e4stehaus Ferk","description":"Entdecken Sie die besten Radwege und Touren in der RADregion Bad Radkersburg. Das G\u00e4stehaus Ferk - der Ausgangspunkt f\u00fcr Ihre Radabenteuer! \ud83d\udeb5","robots":{"index":"index","follow":"follow","max-snippet":"max-snippet:-1","max-image-preview":"max-image-preview:large","max-video-preview":"max-video-preview:-1"},"canonical":"https:\/\/gaestehausferk.at\/en\/radregion\/","og_locale":"en_US","og_type":"article","og_title":"Erkunden Sie die RADregion Bad Radkersburg \ud83d\udeb4 | G\u00e4stehaus Ferk","og_description":"Entdecken Sie die besten Radwege und Touren in der RADregion Bad Radkersburg. Das G\u00e4stehaus Ferk - der Ausgangspunkt f\u00fcr Ihre Radabenteuer! \ud83d\udeb5","og_url":"https:\/\/gaestehausferk.at\/en\/radregion\/","og_site_name":"G\u00e4stehaus Ferk","article_publisher":"https:\/\/www.facebook.com\/gaestehausferk","article_modified_time":"2025-05-03T10:09:54+00:00","og_image":[{"url":"https:\/\/gaestehausferk.at\/wp-content\/uploads\/2025\/05\/radtour-740x900.jpg.webp","type":"","width":"","height":""}],"twitter_card":"summary_large_image","twitter_misc":{"Est. reading time":"2 minutes"},"schema":{"@context":"https:\/\/schema.org","@graph":[{"@type":"WebPage","@id":"https:\/\/gaestehausferk.at\/radregion\/","url":"https:\/\/gaestehausferk.at\/radregion\/","name":"Erkunden Sie die RADregion Bad Radkersburg \ud83d\udeb4 | G\u00e4stehaus Ferk","isPartOf":{"@id":"https:\/\/gaestehausferk.at\/#website"},"primaryImageOfPage":{"@id":"https:\/\/gaestehausferk.at\/radregion\/#primaryimage"},"image":{"@id":"https:\/\/gaestehausferk.at\/radregion\/#primaryimage"},"thumbnailUrl":"https:\/\/gaestehausferk.at\/wp-content\/uploads\/2025\/05\/radtour-740x900.jpg.webp","datePublished":"2025-05-01T06:57:42+00:00","dateModified":"2025-05-03T10:09:54+00:00","description":"Entdecken Sie die besten Radwege und Touren in der RADregion Bad Radkersburg. Das G\u00e4stehaus Ferk - der Ausgangspunkt f\u00fcr Ihre Radabenteuer! \ud83d\udeb5","breadcrumb":{"@id":"https:\/\/gaestehausferk.at\/radregion\/#breadcrumb"},"inLanguage":"en-US","potentialAction":[{"@type":"ReadAction","target":["https:\/\/gaestehausferk.at\/radregion\/"]}]},{"@type":"ImageObject","inLanguage":"en-US","@id":"https:\/\/gaestehausferk.at\/radregion\/#primaryimage","url":"https:\/\/gaestehausferk.at\/wp-content\/uploads\/2025\/05\/radtour-740x900.jpg.webp","contentUrl":"https:\/\/gaestehausferk.at\/wp-content\/uploads\/2025\/05\/radtour-740x900.jpg.webp"},{"@type":"BreadcrumbList","@id":"https:\/\/gaestehausferk.at\/radregion\/#breadcrumb","itemListElement":[{"@type":"ListItem","position":1,"name":"Startseite","item":"https:\/\/gaestehausferk.at\/"},{"@type":"ListItem","position":2,"name":"RADregion Bad Radkersburg"}]},{"@type":"WebSite","@id":"https:\/\/gaestehausferk.at\/#website","url":"https:\/\/gaestehausferk.at\/","name":"Family Ferk","description":"","publisher":{"@id":"https:\/\/gaestehausferk.at\/#organization"},"potentialAction":[{"@type":"SearchAction","target":{"@type":"EntryPoint","urlTemplate":"https:\/\/gaestehausferk.at\/?s={search_term_string}"},"query-input":{"@type":"PropertyValueSpecification","valueRequired":true,"valueName":"search_term_string"}}],"inLanguage":"en-US"},{"@type":"Organization","@id":"https:\/\/gaestehausferk.at\/#organization","name":"Family Ferk","url":"https:\/\/gaestehausferk.at\/","logo":{"@type":"ImageObject","inLanguage":"en-US","@id":"https:\/\/gaestehausferk.at\/#\/schema\/logo\/image\/","url":"https:\/\/gaestehausferk.at\/wp-content\/uploads\/2025\/05\/cropped-logo_gaestehaus_ferk_1.webp","contentUrl":"https:\/\/gaestehausferk.at\/wp-content\/uploads\/2025\/05\/cropped-logo_gaestehaus_ferk_1.webp","width":217,"height":209,"caption":"G\u00e4stehaus Ferk"},"image":{"@id":"https:\/\/gaestehausferk.at\/#\/schema\/logo\/image\/"},"sameAs":["https:\/\/www.facebook.com\/gaestehausferk","https:\/\/www.instagram.com\/gaestehausferk"]}]}},"_links":{"self":[{"href":"https:\/\/gaestehausferk.at\/en\/wp-json\/wp\/v2\/pages\/9","targetHints":{"allow":["GET"]}}],"collection":[{"href":"https:\/\/gaestehausferk.at\/en\/wp-json\/wp\/v2\/pages"}],"about":[{"href":"https:\/\/gaestehausferk.at\/en\/wp-json\/wp\/v2\/types\/page"}],"author":[{"embeddable":true,"href":"https:\/\/gaestehausferk.at\/en\/wp-json\/wp\/v2\/users\/1"}],"replies":[{"embeddable":true,"href":"https:\/\/gaestehausferk.at\/en\/wp-json\/wp\/v2\/comments?post=9"}],"version-history":[{"count":0,"href":"https:\/\/gaestehausferk.at\/en\/wp-json\/wp\/v2\/pages\/9\/revisions"}],"wp:attachment":[{"href":"https:\/\/gaestehausferk.at\/en\/wp-json\/wp\/v2\/media?parent=9"}],"curies":[{"name":"wp","href":"https:\/\/api.w.org\/{rel}","templated":true}]}}